{"id":139,"date":"2020-02-22T13:45:16","date_gmt":"2020-02-22T13:45:16","guid":{"rendered":"http:\/\/schule.obs-flotwedel.de\/?page_id=139"},"modified":"2025-08-13T17:03:37","modified_gmt":"2025-08-13T17:03:37","slug":"schulordnung","status":"publish","type":"page","link":"http:\/\/schule.obs-flotwedel.de\/?page_id=139","title":{"rendered":"Schulordnung der Oberschule Flotwedel"},"content":{"rendered":"\n<p><strong>Wir, die Mitglieder der Oberschule Flotwedel, gehen respektvoll und r\u00fccksichtsvoll miteinander um.<br>Wir wertsch\u00e4tzen das Eigentum anderer und achten auf eine gepflegte Schulumwelt.<\/strong><\/p>\n\n\n\n<ul>\n<li>Die Nutzung elektronischer Medien w\u00e4hrend der Unterrichtszeit wird durch die unterrichtenden Lehrkr\u00e4fte und p\u00e4dagogischen Mitarbeiter geregelt.<\/li>\n<\/ul>\n\n\n\n<ul>\n<li>In den gro\u00dfen Pausen halten sich die Sch\u00fclerinnen und Sch\u00fcler auf dem Schulhof und im Pausenbereich des Geb\u00e4udes auf. Die Nutzung elektronischer Medien ist nur auf dem Schulhof gestattet. Bild-, Film- und Tonaufnahmen sind hier nicht erlaubt. Private digitale Endger\u00e4te sind nicht versichert.<\/li>\n<\/ul>\n\n\n\n<ul>\n<li>Das Verlassen des Schulgel\u00e4ndes vor Unterrichtsschluss ist nur im Auftrag einer Lehrkraft gestattet.<\/li>\n<\/ul>\n\n\n\n<p>Des Weiteren gelten schulinterne Konzepte und Klassenregeln, die Bestimmungen des Waffenerlasses, des Nieders\u00e4chsischen Schulgesetzes, des Jugendschutzgesetzes sowie weitere gesetzliche Regelungen.<br><\/p>\n\n\n\n<p>Konsequenzen bei Fehlverhalten sind zun\u00e4chst Erziehungsmittel und bei schwerwiegenden Verfehlungen die gesetzlich geregelten Ordnungsma\u00dfnahmen.<\/p>\n","protected":false},"excerpt":{"rendered":"<p>Wir, die Mitglieder der Oberschule Flotwedel, gehen respektvoll und r\u00fccksichtsvoll miteinander um.Wir wertsch\u00e4tzen das Eigentum anderer und achten auf eine gepflegte Schulumwelt. Des Weiteren gelten &hellip; <\/p>\n","protected":false},"author":1,"featured_media":0,"parent":0,"menu_order":0,"comment_status":"closed","ping_status":"closed","template":"","meta":{"footnotes":""},"_links":{"self":[{"href":"http:\/\/schule.obs-flotwedel.de\/index.php?rest_route=\/wp\/v2\/pages\/139"}],"collection":[{"href":"http:\/\/schule.obs-flotwedel.de\/index.php?rest_route=\/wp\/v2\/pages"}],"about":[{"href":"http:\/\/schule.obs-flotwedel.de\/index.php?rest_route=\/wp\/v2\/types\/page"}],"author":[{"embeddable":true,"href":"http:\/\/schule.obs-flotwedel.de\/index.php?rest_route=\/wp\/v2\/users\/1"}],"replies":[{"embeddable":true,"href":"http:\/\/schule.obs-flotwedel.de\/index.php?rest_route=%2Fwp%2Fv2%2Fcomments&post=139"}],"version-history":[{"count":4,"href":"http:\/\/schule.obs-flotwedel.de\/index.php?rest_route=\/wp\/v2\/pages\/139\/revisions"}],"predecessor-version":[{"id":2434,"href":"http:\/\/schule.obs-flotwedel.de\/index.php?rest_route=\/wp\/v2\/pages\/139\/revisions\/2434"}],"wp:attachment":[{"href":"http:\/\/schule.obs-flotwedel.de\/index.php?rest_route=%2Fwp%2Fv2%2Fmedia&parent=139"}],"curies":[{"name":"wp","href":"https:\/\/api.w.org\/{rel}","templated":true}]}}