{"id":157,"date":"2020-02-22T15:04:55","date_gmt":"2020-02-22T15:04:55","guid":{"rendered":"http:\/\/schule.obs-flotwedel.de\/?page_id=157"},"modified":"2024-04-22T13:06:43","modified_gmt":"2024-04-22T13:06:43","slug":"blaeserklassen","status":"publish","type":"page","link":"http:\/\/schule.obs-flotwedel.de\/?page_id=157","title":{"rendered":"Bl\u00e4serklassen"},"content":{"rendered":"\n<p class=\"has-very-dark-gray-color has-pale-cyan-blue-background-color has-text-color has-background\"><strong>Liebe Eltern und Sch\u00fcler! <\/strong><\/p>\n\n\n\n<p>In der Bl\u00e4serKlasse wird in der 5.-7. Klasse im Musikunterricht und im Instrumentalunterricht ein Blasinstrument erlernt, zum Beispiel: <\/p>\n\n\n\n<p>Querfl\u00f6te, Klarinette, Saxofon, Trompete, Posaune, Schlagzeug, Euphonium oder Tuba Hierzu sind 5 Stunden die Woche angedacht! Davon 4 als Klassenorchester! <\/p>\n\n\n<div class=\"wp-block-image\">\n<figure class=\"alignright size-full is-resized\"><img decoding=\"async\" loading=\"lazy\" width=\"5472\" height=\"3648\" src=\"http:\/\/schule.obs-flotwedel.de\/wp-content\/uploads\/2020\/06\/IMG_2284-4.jpg\" alt=\"\" class=\"wp-image-592\" style=\"width:314px;height:209px\" srcset=\"http:\/\/schule.obs-flotwedel.de\/wp-content\/uploads\/2020\/06\/IMG_2284-4.jpg 5472w, http:\/\/schule.obs-flotwedel.de\/wp-content\/uploads\/2020\/06\/IMG_2284-4-300x200.jpg 300w, http:\/\/schule.obs-flotwedel.de\/wp-content\/uploads\/2020\/06\/IMG_2284-4-150x100.jpg 150w\" sizes=\"(max-width: 5472px) 100vw, 5472px\" \/><figcaption class=\"wp-element-caption\">Musiklehrer Jan Dirk Kr\u00fcger<\/figcaption><\/figure><\/div>\n\n\n<p>Also\u2026 <\/p>\n\n\n\n<p>&#8230; in der Bl\u00e4serklasse f\u00e4ngst du bei \u201eNull\u201c auf einem Instrument an. So sind die Chancen f\u00fcr alle gleich. Das Instrument erlernst du bei einem Instrumentallehrer der Kreismusikschule Celle. <\/p>\n\n\n\n<p>Das Klassenorchester leitet dein(e) Klassenlehrer(in) zwei Stunden w\u00f6chentlich im Musikunterricht und zwei Stunden w\u00e4hrend des Profils. <\/p>\n\n\n\n<p>Du bekommst f\u00fcr zwei Jahre daf\u00fcr ein Instrument von unserer Schule ausgeliehen und wir helfen dir im Anschluss bei er Anschaffung eines eigenen. <\/p>\n\n\n\n<figure class=\"wp-block-image alignwide size-large is-style-default\"><img decoding=\"async\" loading=\"lazy\" width=\"1024\" height=\"573\" src=\"http:\/\/schule.obs-flotwedel.de\/wp-content\/uploads\/2020\/06\/WhatsApp-Image-2020-06-05-at-10.31.13-1024x573.jpeg\" alt=\"\" class=\"wp-image-593\" srcset=\"http:\/\/schule.obs-flotwedel.de\/wp-content\/uploads\/2020\/06\/WhatsApp-Image-2020-06-05-at-10.31.13-1024x573.jpeg 1024w, http:\/\/schule.obs-flotwedel.de\/wp-content\/uploads\/2020\/06\/WhatsApp-Image-2020-06-05-at-10.31.13-300x168.jpeg 300w, http:\/\/schule.obs-flotwedel.de\/wp-content\/uploads\/2020\/06\/WhatsApp-Image-2020-06-05-at-10.31.13-150x84.jpeg 150w, http:\/\/schule.obs-flotwedel.de\/wp-content\/uploads\/2020\/06\/WhatsApp-Image-2020-06-05-at-10.31.13-768x430.jpeg 768w, http:\/\/schule.obs-flotwedel.de\/wp-content\/uploads\/2020\/06\/WhatsApp-Image-2020-06-05-at-10.31.13.jpeg 1242w\" sizes=\"(max-width: 1024px) 100vw, 1024px\" \/><\/figure>\n\n\n\n<p>Nachdem du zu Beginn des Schuljahres alle Instrumente kennengelernt hast, entscheiden deine Lehrer und du gemeinsam dar\u00fcber, f\u00fcr welches Instrument du geeignet bist. <\/p>\n\n\n\n<p>F\u00fcr dein Instrument, den Instrumentalunterricht und die Instrumentenversicherung bezahlen deine Eltern 37\u20ac im Monat. <\/p>\n\n\n\n<p class=\"has-pale-cyan-blue-background-color has-background\"><strong>Und das erwarten wir von dir: <\/strong><\/p>\n\n\n\n<p>Du solltest Spa\u00df am gemeinsamen Musizieren haben. <\/p>\n\n\n<div class=\"wp-block-image is-style-rounded\">\n<figure class=\"alignleft size-large is-resized\"><img decoding=\"async\" loading=\"lazy\" width=\"1024\" height=\"562\" src=\"http:\/\/schule.obs-flotwedel.de\/wp-content\/uploads\/2020\/06\/WhatsApp-Image-2020-06-05-at-12.12.35-1024x562.jpeg\" alt=\"\" class=\"wp-image-596\" style=\"width:227px;height:125px\" srcset=\"http:\/\/schule.obs-flotwedel.de\/wp-content\/uploads\/2020\/06\/WhatsApp-Image-2020-06-05-at-12.12.35-1024x562.jpeg 1024w, http:\/\/schule.obs-flotwedel.de\/wp-content\/uploads\/2020\/06\/WhatsApp-Image-2020-06-05-at-12.12.35-300x165.jpeg 300w, http:\/\/schule.obs-flotwedel.de\/wp-content\/uploads\/2020\/06\/WhatsApp-Image-2020-06-05-at-12.12.35-150x82.jpeg 150w, http:\/\/schule.obs-flotwedel.de\/wp-content\/uploads\/2020\/06\/WhatsApp-Image-2020-06-05-at-12.12.35-768x422.jpeg 768w, http:\/\/schule.obs-flotwedel.de\/wp-content\/uploads\/2020\/06\/WhatsApp-Image-2020-06-05-at-12.12.35.jpeg 1029w\" sizes=\"(max-width: 1024px) 100vw, 1024px\" \/><\/figure><\/div>\n\n\n<p>Wenn du dich f\u00fcr die Bl\u00e4serklasse entscheidest, musst du dich f\u00fcr drei Jahre festlegen. <\/p>\n\n\n\n<p>Das Instrument muss gepflegt und gut behandelt werden. Du musst regelm\u00e4\u00dfig \u00fcben und zu Auftritten und \u00dcbungswochenenden mitkommen. <\/p>\n\n\n\n<p class=\"has-pale-cyan-blue-background-color has-background\"><strong>Kosten:<\/strong> <\/p>\n\n\n\n<ul>\n<li>37,00 Euro monatlich f\u00fcr ein Leihinstrument, Instrumentalunterricht, Versicherung, zus\u00e4tzliches Notenmaterial<\/li>\n\n\n\n<li>ca. 15 Euro f\u00fcr die Anschaffung des Unterrichtswerks \u201eEssential Elements<\/li>\n\n\n\n<li>ca. 20 Euro f\u00fcr Notenheft und Mappe, Notenst\u00e4nder f\u00fcr zu Hause<\/li>\n\n\n\n<li>ca. 20-40 Euro f\u00fcr Polohemd (optional zus\u00e4tzlich Sweatshirt) mit Bl\u00e4serklassenaufdruck<\/li>\n\n\n\n<li>ca. 5 Euro f\u00fcr Ersatzbl\u00e4tter (Saxofon- und Klarinettenspieler\/innen) oder \u00d6l (Blechbl\u00e4ser\/innen)<\/li>\n\n\n\n<li>ggf. Reparaturkosten bei grob fahrl\u00e4ssigen Besch\u00e4digungen des Instruments <\/li>\n<\/ul>\n\n\n\n<p class=\"has-pale-cyan-blue-background-color has-background\">W<strong>ie geht es weiter? <\/strong><\/p>\n\n\n<div class=\"wp-block-image\">\n<figure class=\"alignright size-large is-resized\"><img decoding=\"async\" loading=\"lazy\" width=\"1024\" height=\"680\" src=\"http:\/\/schule.obs-flotwedel.de\/wp-content\/uploads\/2020\/06\/10A_3286-5-1024x680.jpg\" alt=\"\" class=\"wp-image-608\" style=\"width:224px;height:148px\" srcset=\"http:\/\/schule.obs-flotwedel.de\/wp-content\/uploads\/2020\/06\/10A_3286-5-1024x680.jpg 1024w, http:\/\/schule.obs-flotwedel.de\/wp-content\/uploads\/2020\/06\/10A_3286-5-300x199.jpg 300w, http:\/\/schule.obs-flotwedel.de\/wp-content\/uploads\/2020\/06\/10A_3286-5-150x100.jpg 150w, http:\/\/schule.obs-flotwedel.de\/wp-content\/uploads\/2020\/06\/10A_3286-5-768x510.jpg 768w, http:\/\/schule.obs-flotwedel.de\/wp-content\/uploads\/2020\/06\/10A_3286-5-1536x1020.jpg 1536w, http:\/\/schule.obs-flotwedel.de\/wp-content\/uploads\/2020\/06\/10A_3286-5-2048x1360.jpg 2048w\" sizes=\"(max-width: 1024px) 100vw, 1024px\" \/><figcaption class=\"wp-element-caption\">Weihnachtskonzert<\/figcaption><\/figure><\/div>\n\n\n<p>Nach der 7. Klasse beherrscht du das Instrument soweit, dass du in verschiedenen Orchestern mitspielen kannst: <\/p>\n\n\n\n<p>Zum Beispiel in der BigBand an unserer Schule oder \u2026<\/p>\n\n\n\n<p> \u2026 im Spielmannszug, in der Feuerwehrkapelle, im Posaunenchor und in vielen anderen Orchestern. <\/p>\n\n\n\n<p class=\"has-pale-cyan-blue-background-color has-background\"><strong>Das p\u00e4dagogische Konzept Bl\u00e4serklasse <\/strong><\/p>\n\n\n\n<p>Die Yamaha-Bl\u00e4serklasse ist f\u00fcr alle Kinder gedacht, die ein Musikinstrument erlernen m\u00f6chten. <\/p>\n\n\n\n<p>Wer in einem Orchester musiziert, ein Instrument erlernt, findet Halt und erf\u00e4hrt die positiven Auswirkungen gegenseitiger R\u00fccksichtnahme und Hilfestellung. <\/p>\n\n\n\n<p>Zudem f\u00fchrt das Lernen in einer Bl\u00e4serklasse, u. a. durch gemeinsame Auftritte, zu sozialer Anerkennung auch \u00fcber die Schule hinaus. <\/p>\n\n\n<div class=\"wp-block-image is-style-default\">\n<figure class=\"aligncenter size-large is-resized\"><img decoding=\"async\" loading=\"lazy\" width=\"1024\" height=\"680\" src=\"http:\/\/schule.obs-flotwedel.de\/wp-content\/uploads\/2020\/06\/Sommerkonzert-15-77-1024x680.jpg\" alt=\"\" class=\"wp-image-600\" style=\"width:369px;height:245px\" srcset=\"http:\/\/schule.obs-flotwedel.de\/wp-content\/uploads\/2020\/06\/Sommerkonzert-15-77-1024x680.jpg 1024w, http:\/\/schule.obs-flotwedel.de\/wp-content\/uploads\/2020\/06\/Sommerkonzert-15-77-300x199.jpg 300w, http:\/\/schule.obs-flotwedel.de\/wp-content\/uploads\/2020\/06\/Sommerkonzert-15-77-150x100.jpg 150w, http:\/\/schule.obs-flotwedel.de\/wp-content\/uploads\/2020\/06\/Sommerkonzert-15-77-768x510.jpg 768w, http:\/\/schule.obs-flotwedel.de\/wp-content\/uploads\/2020\/06\/Sommerkonzert-15-77-1536x1020.jpg 1536w, http:\/\/schule.obs-flotwedel.de\/wp-content\/uploads\/2020\/06\/Sommerkonzert-15-77-2048x1360.jpg 2048w\" sizes=\"(max-width: 1024px) 100vw, 1024px\" \/><figcaption class=\"wp-element-caption\">Sommerkonzert<\/figcaption><\/figure><\/div>\n\n\n<p>Die Verantwortung f\u00fcr ein eigenes Orchesterinstrument l\u00e4sst bei den Kindern ein Gef\u00fchl f\u00fcr Werte entstehen. <\/p>\n\n\n\n<p>Dar\u00fcber hinaus lernen und \u00fcben die Kinder ein gutes soziales Verhalten in der Gruppe. <\/p>\n\n\n\n<p>Die Bl\u00e4serklasse bietet somit einen wichtigen Beitrag f\u00fcr die Entwicklung der Kinder. <\/p>\n\n\n\n<p>In der Bl\u00e4serklasse erreichen die Kinder viele Ziele auf einmal, denn sie erlernen ein Orchesterblasinstrument und die Grundlagen der Musik. <\/p>\n\n\n<div class=\"wp-block-image\">\n<figure class=\"alignright size-large is-resized\"><img decoding=\"async\" loading=\"lazy\" width=\"1024\" height=\"768\" src=\"http:\/\/schule.obs-flotwedel.de\/wp-content\/uploads\/2020\/06\/IMG_6883-2-1024x768.jpg\" alt=\"\" class=\"wp-image-602\" style=\"width:313px;height:234px\" srcset=\"http:\/\/schule.obs-flotwedel.de\/wp-content\/uploads\/2020\/06\/IMG_6883-2-1024x768.jpg 1024w, http:\/\/schule.obs-flotwedel.de\/wp-content\/uploads\/2020\/06\/IMG_6883-2-300x225.jpg 300w, http:\/\/schule.obs-flotwedel.de\/wp-content\/uploads\/2020\/06\/IMG_6883-2-150x113.jpg 150w, http:\/\/schule.obs-flotwedel.de\/wp-content\/uploads\/2020\/06\/IMG_6883-2-768x576.jpg 768w, http:\/\/schule.obs-flotwedel.de\/wp-content\/uploads\/2020\/06\/IMG_6883-2-1536x1152.jpg 1536w, http:\/\/schule.obs-flotwedel.de\/wp-content\/uploads\/2020\/06\/IMG_6883-2-2048x1536.jpg 2048w\" sizes=\"(max-width: 1024px) 100vw, 1024px\" \/><figcaption class=\"wp-element-caption\">BigBand der Schule<\/figcaption><\/figure><\/div>\n\n\n<p>Mit freundlichen Gr\u00fc\u00dfen <\/p>\n\n\n\n<p>Ihre\/eure Musiklehrer der ObS Flotwedel<\/p>\n\n\n\n<p><br><\/p>\n\n\n\n<p><\/p>\n\n\n\n<p><\/p>\n\n\n\n<p><\/p>\n\n\n\n<figure class=\"wp-block-image size-large\"><img decoding=\"async\" loading=\"lazy\" width=\"1024\" height=\"711\" src=\"http:\/\/schule.obs-flotwedel.de\/wp-content\/uploads\/2024\/04\/IMG_0754-1024x711.jpeg\" alt=\"\" class=\"wp-image-2082\" srcset=\"http:\/\/schule.obs-flotwedel.de\/wp-content\/uploads\/2024\/04\/IMG_0754-1024x711.jpeg 1024w, http:\/\/schule.obs-flotwedel.de\/wp-content\/uploads\/2024\/04\/IMG_0754-300x208.jpeg 300w, http:\/\/schule.obs-flotwedel.de\/wp-content\/uploads\/2024\/04\/IMG_0754-150x104.jpeg 150w, http:\/\/schule.obs-flotwedel.de\/wp-content\/uploads\/2024\/04\/IMG_0754-768x534.jpeg 768w, http:\/\/schule.obs-flotwedel.de\/wp-content\/uploads\/2024\/04\/IMG_0754-1536x1067.jpeg 1536w, http:\/\/schule.obs-flotwedel.de\/wp-content\/uploads\/2024\/04\/IMG_0754-2048x1423.jpeg 2048w, http:\/\/schule.obs-flotwedel.de\/wp-content\/uploads\/2024\/04\/IMG_0754-86x60.jpeg 86w\" sizes=\"(max-width: 1024px) 100vw, 1024px\" \/><\/figure>\n\n\n\n<figure class=\"wp-block-image size-large\"><img decoding=\"async\" loading=\"lazy\" width=\"1024\" height=\"730\" src=\"http:\/\/schule.obs-flotwedel.de\/wp-content\/uploads\/2024\/04\/IMG_0753-1024x730.jpeg\" alt=\"\" class=\"wp-image-2083\" srcset=\"http:\/\/schule.obs-flotwedel.de\/wp-content\/uploads\/2024\/04\/IMG_0753-1024x730.jpeg 1024w, http:\/\/schule.obs-flotwedel.de\/wp-content\/uploads\/2024\/04\/IMG_0753-300x214.jpeg 300w, http:\/\/schule.obs-flotwedel.de\/wp-content\/uploads\/2024\/04\/IMG_0753-150x107.jpeg 150w, http:\/\/schule.obs-flotwedel.de\/wp-content\/uploads\/2024\/04\/IMG_0753-768x548.jpeg 768w, http:\/\/schule.obs-flotwedel.de\/wp-content\/uploads\/2024\/04\/IMG_0753-1536x1095.jpeg 1536w, http:\/\/schule.obs-flotwedel.de\/wp-content\/uploads\/2024\/04\/IMG_0753-84x60.jpeg 84w, http:\/\/schule.obs-flotwedel.de\/wp-content\/uploads\/2024\/04\/IMG_0753.jpeg 1973w\" sizes=\"(max-width: 1024px) 100vw, 1024px\" \/><\/figure>\n","protected":false},"excerpt":{"rendered":"<p>Liebe Eltern und Sch\u00fcler! In der Bl\u00e4serKlasse wird in der 5.-7. Klasse im Musikunterricht und im Instrumentalunterricht ein Blasinstrument erlernt, zum Beispiel: Querfl\u00f6te, Klarinette, Saxofon, &hellip; <\/p>\n","protected":false},"author":1,"featured_media":0,"parent":0,"menu_order":0,"comment_status":"closed","ping_status":"closed","template":"","meta":{"footnotes":""},"_links":{"self":[{"href":"http:\/\/schule.obs-flotwedel.de\/index.php?rest_route=\/wp\/v2\/pages\/157"}],"collection":[{"href":"http:\/\/schule.obs-flotwedel.de\/index.php?rest_route=\/wp\/v2\/pages"}],"about":[{"href":"http:\/\/schule.obs-flotwedel.de\/index.php?rest_route=\/wp\/v2\/types\/page"}],"author":[{"embeddable":true,"href":"http:\/\/schule.obs-flotwedel.de\/index.php?rest_route=\/wp\/v2\/users\/1"}],"replies":[{"embeddable":true,"href":"http:\/\/schule.obs-flotwedel.de\/index.php?rest_route=%2Fwp%2Fv2%2Fcomments&post=157"}],"version-history":[{"count":14,"href":"http:\/\/schule.obs-flotwedel.de\/index.php?rest_route=\/wp\/v2\/pages\/157\/revisions"}],"predecessor-version":[{"id":2085,"href":"http:\/\/schule.obs-flotwedel.de\/index.php?rest_route=\/wp\/v2\/pages\/157\/revisions\/2085"}],"wp:attachment":[{"href":"http:\/\/schule.obs-flotwedel.de\/index.php?rest_route=%2Fwp%2Fv2%2Fmedia&parent=157"}],"curies":[{"name":"wp","href":"https:\/\/api.w.org\/{rel}","templated":true}]}}