{"id":163,"date":"2020-02-22T15:13:09","date_gmt":"2020-02-22T15:13:09","guid":{"rendered":"http:\/\/schule.obs-flotwedel.de\/?page_id=163"},"modified":"2020-02-22T15:13:29","modified_gmt":"2020-02-22T15:13:29","slug":"trainingsraum","status":"publish","type":"page","link":"http:\/\/schule.obs-flotwedel.de\/?page_id=163","title":{"rendered":"Trainingsraum"},"content":{"rendered":"\n<p><strong>Trainingsraum-Programm<\/strong><\/p>\n\n\n\n<p>Am 1. Februar 2013 wurde an unserer Schule das Trainingsraum-Programm f\u00fcr eigenverantwortliches Denken und Handeln eingef\u00fchrt. Durch dieses Programm k\u00f6nnen eine deutliche Entspannung des Unterrichtsklimas sowie eine Steigerung des Lernerfolgs erreicht werden.<\/p>\n\n\n\n<p>Hierf\u00fcr gelten folgende Regeln. Diese wurden in jedem Klassenraum aufgeh\u00e4ngt:<\/p>\n\n\n\n<p><strong>\uf0b7 Jeder Sch\u00fcler hat das Recht, ungest\u00f6rt zu lernen.<br><br>\uf0b7 Jede Lehrkraft hat das Recht, ungest\u00f6rt zu unterrichten.<br><br>\uf0b7 Jeder hat das Recht auf einen respektvollen Umgangston.<br><br>\uf0b7 Jeder muss die Rechte der anderen respektieren.<br><\/strong><br>Wenn Sch\u00fcler diese Regel im Unterricht auch nach einer ausdr\u00fccklichen Ermahnung der Lehrkraft missachten, m\u00fcssen sie den Unterricht verlassen. Im Trainingsraum k\u00f6nnen sie den Rest der Stunde ohne Ablenkungen, aber mithilfe einer anderen Lehrkraft \u00fcber ihr Verhalten nachdenken und einsehen, dass ihr h\u00e4ufiges St\u00f6ren auch die Rechte der anderen Sch\u00fclerinnen und Sch\u00fcler beeintr\u00e4chtigt.&nbsp;<\/p>\n\n\n\n<p>Diese Einsicht wird schriftlich in einem R\u00fcckkehrplan festgehalten.<\/p>\n\n\n\n<p>Diesem R\u00fcckkehrplan muss die Lehrkraft, deren Unterricht gest\u00f6rt wurde, zustimmen.<\/p>\n\n\n\n<p>Falls eine Sch\u00fclerin oder ein Sch\u00fcler jedoch auch im Trainingsraum wiederholt st\u00f6rt, muss sie \/ er aus der Schule abgeholt werden oder wird vor Unterrichtsende nach Hause geschickt.<\/p>\n\n\n\n<p>Am folgenden Tag werden wir dieses Problem gemeinsam mit der betroffenen Sch\u00fclerin \/ dem betroffenen Sch\u00fcler und den Eltern besprechen. Die Sch\u00fclerin \/ der Sch\u00fcler darf erst nach diesem Gespr\u00e4ch wieder am Unterricht teilnehmen.<\/p>\n\n\n\n<p>Auf Wunsch informieren die Klassenlehrer\/-innen sowie die Schulleitung nach Terminabsprache inpers\u00f6nlichen Gespr\u00e4chen \u00fcber dieses Programm.<\/p>\n","protected":false},"excerpt":{"rendered":"<p>Trainingsraum-Programm Am 1. Februar 2013 wurde an unserer Schule das Trainingsraum-Programm f\u00fcr eigenverantwortliches Denken und Handeln eingef\u00fchrt. Durch dieses Programm k\u00f6nnen eine deutliche Entspannung des &hellip; <\/p>\n","protected":false},"author":1,"featured_media":0,"parent":0,"menu_order":0,"comment_status":"closed","ping_status":"closed","template":"","meta":{"footnotes":""},"_links":{"self":[{"href":"http:\/\/schule.obs-flotwedel.de\/index.php?rest_route=\/wp\/v2\/pages\/163"}],"collection":[{"href":"http:\/\/schule.obs-flotwedel.de\/index.php?rest_route=\/wp\/v2\/pages"}],"about":[{"href":"http:\/\/schule.obs-flotwedel.de\/index.php?rest_route=\/wp\/v2\/types\/page"}],"author":[{"embeddable":true,"href":"http:\/\/schule.obs-flotwedel.de\/index.php?rest_route=\/wp\/v2\/users\/1"}],"replies":[{"embeddable":true,"href":"http:\/\/schule.obs-flotwedel.de\/index.php?rest_route=%2Fwp%2Fv2%2Fcomments&post=163"}],"version-history":[{"count":2,"href":"http:\/\/schule.obs-flotwedel.de\/index.php?rest_route=\/wp\/v2\/pages\/163\/revisions"}],"predecessor-version":[{"id":165,"href":"http:\/\/schule.obs-flotwedel.de\/index.php?rest_route=\/wp\/v2\/pages\/163\/revisions\/165"}],"wp:attachment":[{"href":"http:\/\/schule.obs-flotwedel.de\/index.php?rest_route=%2Fwp%2Fv2%2Fmedia&parent=163"}],"curies":[{"name":"wp","href":"https:\/\/api.w.org\/{rel}","templated":true}]}}