{"id":168,"date":"2020-02-22T15:31:39","date_gmt":"2020-02-22T15:31:39","guid":{"rendered":"http:\/\/schule.obs-flotwedel.de\/?page_id=168"},"modified":"2020-02-22T15:33:54","modified_gmt":"2020-02-22T15:33:54","slug":"abschluesse","status":"publish","type":"page","link":"http:\/\/schule.obs-flotwedel.de\/?page_id=168","title":{"rendered":"Abschl\u00fcsse"},"content":{"rendered":"\n<figure class=\"wp-block-image size-large is-resized\"><img decoding=\"async\" loading=\"lazy\" src=\"http:\/\/schule.obs-flotwedel.de\/wp-content\/uploads\/2020\/02\/Bildschirmfoto-2020-02-22-um-16.20.11.png\" alt=\"\" class=\"wp-image-169\" width=\"878\" height=\"610\" srcset=\"http:\/\/schule.obs-flotwedel.de\/wp-content\/uploads\/2020\/02\/Bildschirmfoto-2020-02-22-um-16.20.11.png 878w, http:\/\/schule.obs-flotwedel.de\/wp-content\/uploads\/2020\/02\/Bildschirmfoto-2020-02-22-um-16.20.11-300x208.png 300w, http:\/\/schule.obs-flotwedel.de\/wp-content\/uploads\/2020\/02\/Bildschirmfoto-2020-02-22-um-16.20.11-768x534.png 768w\" sizes=\"(max-width: 878px) 100vw, 878px\" \/><\/figure>\n\n\n\n<p><strong>I Hauptschulabschluss nach Klasse 9<\/strong><\/p>\n\n\n\n<ul><li>Mindestanforderungen ( \u2192 ausreichende Leistungen) in allen Pflichtf\u00e4chern<\/li><li>1 x mangelhaft: kein Ausgleich erforderlich<\/li><li>2 x mangelhaft: 2 Ausgleichsf\u00e4cher mit mindestens befriedigend<\/li><li>3 x mangelhaft: 2 Ausgleichsf\u00e4cher mit mindestens befriedigend<\/li><li>1 x ungen\u00fcgend: &nbsp;a) ein Ausgleich mit gut oder b) 2 Ausgleichsf\u00e4cher mit befriedigend<\/li><li>1 x ungen\u00fcgend und 1 x mangelhaft: nur die ungen\u00fcgende Note muss ausgeglichen werden (siehe oben)<br><\/li><\/ul>\n\n\n\n<p>Hinweise:<\/p>\n\n\n\n<p>1. Mangelhaft in zweiter Fremdsprache (hier Franz\u00f6sisch) wird nicht ber\u00fccksichtigt<br>2. Ausgleichsfach: Stundenzahl des Faches ist in der Stundentafel festgeschrieben.<br>\u00a0Ausgleichsfach darf nur eine Stunde k\u00fcrzer sein.<br>3. E-Kurse werden zum Ausgleich eine Note besser gewertet.<br>4. Maximal ein Fach der Abschlusspr\u00fcfung darf schlechter als ausreichend sein.<br>5. Die Ausgleichsregelung ist eine KANN-Bestimmung.<\/p>\n\n\n\n<p><strong>II Sekundarabschluss I \u2013 Hauptschulabschluss nach Klasse 10<\/strong><\/p>\n\n\n\n<ul><li>Mindestanforderungen (\u2192 ausreichende Leistungen) in allen Pflichtf\u00e4chern.<\/li><li>Es gelten die Ausgleichsregelungen nach Klasse 10 (siehe unten)<\/li><\/ul>\n\n\n\n<p><strong>III Sekundarabschluss I \u2013 Realschulabschluss nach Klasse 10<\/strong><\/p>\n\n\n\n<ul><li>Mindestanforderungen (\u2192 ausreichende Leistungen) in allen Pflichtf\u00e4chern<\/li><li>Ausreichende Leistungen in zwei E-Kursen ( DE, MA, EN, CH oder PH )<\/li><li>Befriedigende Leistungen in den verbleibenden zwei G-Kursen (nur 2 sind m\u00f6glich!) <br>oder befriedigende Leistungen in einem G-Kurs und befriedigende Leistungen in einem&nbsp;naturwissenschaftlichen Fach oder in einem Profilfach sowie befriedigende Leistungen in zwei F\u00e4chern ohne Fachleistungsdifferenzierung<\/li><li>Es gelten die Ausgleichsregelungen nach Klasse 10 ( siehe unten ).<\/li><\/ul>\n\n\n\n<p><strong>IV Erweiterter Sekundarabschluss I \u2013 nach Klasse 10<\/strong><\/p>\n\n\n\n<ul><li>Mindestanforderungen ( \u2192 ausreichende Leistungen) in allen Pflichtf\u00e4chern und WPK<\/li><li>Befriedigende Leistungen in drei E-Kursen ( DE, MA, EN, CH oder PH)<br>und ausreichende in einem weiteren E-Kurs oder gute Leistungen in einem G-Kurs<\/li><li>Durchschnitt in den \u00fcbrigen Pflicht-&nbsp;und Wahlf\u00e4chern: 3,0<\/li><li>In die Durchschnittsberechnung k\u00f6nnen bis zu zwei E-Kurse zus\u00e4tzlich einflie\u00dfen, wenn diese besser als befriedigend sind.<\/li><\/ul>\n\n\n\n<p><strong>V Ausgleichsregelungen f\u00fcr Abschl\u00fcsse nach Klasse 10<\/strong><\/p>\n\n\n\n<ul><li>1 x mangelhaft: Kein Ausgleich erforderlich<\/li><li>2 x mangelhaft: 2 Ausgleichsf\u00e4cher mit mindestens befriedigend<\/li><li>1 x ungen\u00fcgend: a) ein Ausgleichsfach mit gut oder<br>                               b) 2 Ausgleichsf\u00e4cher mit befriedigend<\/li><li>1 x ungen\u00fcgend und 1 x mangelhaft: nur die ungen\u00fcgende Note muss ausgeglichen werden (siehe oben)<\/li><\/ul>\n\n\n\n<p>Hinweise:<\/p>\n\n\n\n<p>&nbsp;1. Fach ohne Fachleistungsdifferenzierung \u201emangelhaft\u201c kann mit \u201eausreichend\u201c in einem E-Kurs<br>&nbsp;&nbsp;&nbsp;&nbsp;&nbsp;ausgeglichen werden.<br>&nbsp;2. Ausgleichsfach: Stundenzahl des Faches ist in der Stundentafel festgeschrieben.<br>&nbsp;&nbsp;&nbsp;&nbsp;&nbsp;Ausgleichsfach darf nur eine Stunde k\u00fcrzer sein.<br>&nbsp;3. E-Kurse werden zum Ausgleich eine Note besser gewertet.<br>&nbsp;4. Maximal ein Pr\u00fcfungsfach darf schlechter als \u201eausreichend\u201c sein.<br>&nbsp;5. Die Ausgleichsregelung ist eine KANN-Bestimmung.<\/p>\n","protected":false},"excerpt":{"rendered":"<p>I Hauptschulabschluss nach Klasse 9 Mindestanforderungen ( \u2192 ausreichende Leistungen) in allen Pflichtf\u00e4chern 1 x mangelhaft: kein Ausgleich erforderlich 2 x mangelhaft: 2 Ausgleichsf\u00e4cher mit &hellip; <\/p>\n","protected":false},"author":1,"featured_media":0,"parent":0,"menu_order":0,"comment_status":"closed","ping_status":"closed","template":"","meta":{"footnotes":""},"_links":{"self":[{"href":"http:\/\/schule.obs-flotwedel.de\/index.php?rest_route=\/wp\/v2\/pages\/168"}],"collection":[{"href":"http:\/\/schule.obs-flotwedel.de\/index.php?rest_route=\/wp\/v2\/pages"}],"about":[{"href":"http:\/\/schule.obs-flotwedel.de\/index.php?rest_route=\/wp\/v2\/types\/page"}],"author":[{"embeddable":true,"href":"http:\/\/schule.obs-flotwedel.de\/index.php?rest_route=\/wp\/v2\/users\/1"}],"replies":[{"embeddable":true,"href":"http:\/\/schule.obs-flotwedel.de\/index.php?rest_route=%2Fwp%2Fv2%2Fcomments&post=168"}],"version-history":[{"count":3,"href":"http:\/\/schule.obs-flotwedel.de\/index.php?rest_route=\/wp\/v2\/pages\/168\/revisions"}],"predecessor-version":[{"id":175,"href":"http:\/\/schule.obs-flotwedel.de\/index.php?rest_route=\/wp\/v2\/pages\/168\/revisions\/175"}],"wp:attachment":[{"href":"http:\/\/schule.obs-flotwedel.de\/index.php?rest_route=%2Fwp%2Fv2%2Fmedia&parent=168"}],"curies":[{"name":"wp","href":"https:\/\/api.w.org\/{rel}","templated":true}]}}