{"id":325,"date":"2020-03-03T15:23:33","date_gmt":"2020-03-03T15:23:33","guid":{"rendered":"http:\/\/schule.obs-flotwedel.de\/?page_id=325"},"modified":"2020-03-03T17:19:45","modified_gmt":"2020-03-03T17:19:45","slug":"schuelerfirma","status":"publish","type":"page","link":"http:\/\/schule.obs-flotwedel.de\/?page_id=325","title":{"rendered":"Sch\u00fclerfirma"},"content":{"rendered":"\n<div class=\"wp-block-image\"><figure class=\"alignright is-resized\"><img decoding=\"async\" loading=\"lazy\" src=\"http:\/\/www.oberschule-flotwedel.de\/gallery\/DSC_0099.jpg\" alt=\"\" width=\"268\" height=\"178\"\/><figcaption>Die Sch\u00fclerfirma serviert selbstgemachte Pizza beim Schnuppertag 2019<\/figcaption><\/figure><\/div>\n\n\n\n<p class=\"has-text-align-left\">Die Catering-Sch\u00fclerfirma wird in der Klasse 9 und 10 der Oberschule im Rahmen einer Hauswirtschaft-Wirtschaft Kooperation gef\u00fchrt. Die Sch\u00fcler\/innen betreuen die Schulcafeteria und erlernen dabei Grundlagen des Rechnungswesens und der Betriebswirtschaftslehre sowie der hauswirtschaftlichen T\u00e4tigkeiten. Begleitet werden die Klassen durch die Fachlehrkr\u00e4fte in Hauswirtschaft und Wirtschaft. Die Zubereitung und Herstellung der Produkte erfolgt \u00fcber drei Unterrichtsstunden, der Verkauf findet in der ersten gro\u00dfen Pause statt. Zus\u00e4tzlich wird eine Schulcafeteria unterhalten, die am Dienstag und Donnerstag in der Mittagspause stattfindet und die Sch\u00fcler\/innen mit Getr\u00e4nken versorgt. In dieser Zeit sind die Sch\u00fcler\/innen der Sch\u00fclerfirma involviert und arbeiten durchg\u00e4ngig in der Mittagspause.<\/p>\n","protected":false},"excerpt":{"rendered":"<p>Die Catering-Sch\u00fclerfirma wird in der Klasse 9 und 10 der Oberschule im Rahmen einer Hauswirtschaft-Wirtschaft Kooperation gef\u00fchrt. Die Sch\u00fcler\/innen betreuen die Schulcafeteria und erlernen dabei &hellip; <\/p>\n","protected":false},"author":1,"featured_media":0,"parent":0,"menu_order":0,"comment_status":"closed","ping_status":"closed","template":"","meta":{"footnotes":""},"_links":{"self":[{"href":"http:\/\/schule.obs-flotwedel.de\/index.php?rest_route=\/wp\/v2\/pages\/325"}],"collection":[{"href":"http:\/\/schule.obs-flotwedel.de\/index.php?rest_route=\/wp\/v2\/pages"}],"about":[{"href":"http:\/\/schule.obs-flotwedel.de\/index.php?rest_route=\/wp\/v2\/types\/page"}],"author":[{"embeddable":true,"href":"http:\/\/schule.obs-flotwedel.de\/index.php?rest_route=\/wp\/v2\/users\/1"}],"replies":[{"embeddable":true,"href":"http:\/\/schule.obs-flotwedel.de\/index.php?rest_route=%2Fwp%2Fv2%2Fcomments&post=325"}],"version-history":[{"count":3,"href":"http:\/\/schule.obs-flotwedel.de\/index.php?rest_route=\/wp\/v2\/pages\/325\/revisions"}],"predecessor-version":[{"id":337,"href":"http:\/\/schule.obs-flotwedel.de\/index.php?rest_route=\/wp\/v2\/pages\/325\/revisions\/337"}],"wp:attachment":[{"href":"http:\/\/schule.obs-flotwedel.de\/index.php?rest_route=%2Fwp%2Fv2%2Fmedia&parent=325"}],"curies":[{"name":"wp","href":"https:\/\/api.w.org\/{rel}","templated":true}]}}