{"id":801,"date":"2020-12-04T15:20:21","date_gmt":"2020-12-04T15:20:21","guid":{"rendered":"http:\/\/schule.obs-flotwedel.de\/?page_id=801"},"modified":"2026-01-27T14:54:54","modified_gmt":"2026-01-27T14:54:54","slug":"leitbild-der-obs-flotwedel","status":"publish","type":"page","link":"http:\/\/schule.obs-flotwedel.de\/?page_id=801","title":{"rendered":"Leitbild"},"content":{"rendered":"\n<figure class=\"wp-block-image size-large\"><img decoding=\"async\" loading=\"lazy\" width=\"1024\" height=\"724\" src=\"http:\/\/schule.obs-flotwedel.de\/wp-content\/uploads\/2026\/01\/IMG_2950-1024x724.jpeg\" alt=\"\" class=\"wp-image-2509\" srcset=\"http:\/\/schule.obs-flotwedel.de\/wp-content\/uploads\/2026\/01\/IMG_2950-1024x724.jpeg 1024w, http:\/\/schule.obs-flotwedel.de\/wp-content\/uploads\/2026\/01\/IMG_2950-300x212.jpeg 300w, http:\/\/schule.obs-flotwedel.de\/wp-content\/uploads\/2026\/01\/IMG_2950-150x106.jpeg 150w, http:\/\/schule.obs-flotwedel.de\/wp-content\/uploads\/2026\/01\/IMG_2950-768x543.jpeg 768w, http:\/\/schule.obs-flotwedel.de\/wp-content\/uploads\/2026\/01\/IMG_2950-1536x1085.jpeg 1536w, http:\/\/schule.obs-flotwedel.de\/wp-content\/uploads\/2026\/01\/IMG_2950-85x60.jpeg 85w, http:\/\/schule.obs-flotwedel.de\/wp-content\/uploads\/2026\/01\/IMG_2950.jpeg 1684w\" sizes=\"(max-width: 1024px) 100vw, 1024px\" \/><\/figure>\n\n\n\t\t\t\t\t\t<style>\r\n\t\t\t\t<style>\r\n#wpsm_accordion_811 .wpsm_panel-heading{\r\n\tpadding:0px !important;\r\n}\r\n#wpsm_accordion_811 .wpsm_panel-title {\r\n\tmargin:0px !important; \r\n\ttext-transform:none !important;\r\n\tline-height: 1 !important;\r\n}\r\n#wpsm_accordion_811 .wpsm_panel-title a{\r\n\ttext-decoration:none;\r\n\toverflow:hidden;\r\n\tdisplay:block;\r\n\tpadding:0px;\r\n\tfont-size: 16px !important;\r\n\tfont-family: Open Sans !important;\r\n\tcolor:#ffffff !important;\r\n\tborder-bottom:0px !important;\r\n}\r\n\r\n#wpsm_accordion_811 .wpsm_panel-title a:focus {\r\noutline: 0px !important;\r\n}\r\n\r\n#wpsm_accordion_811 .wpsm_panel-title a:hover, #wpsm_accordion_811 .wpsm_panel-title a:focus {\r\n\tcolor:#ffffff !important;\r\n}\r\n#wpsm_accordion_811 .acc-a{\r\n\tcolor: #ffffff !important;\r\n\tbackground-color:#598ebf !important;\r\n\tborder-color: #ddd;\r\n}\r\n#wpsm_accordion_811 .wpsm_panel-default > .wpsm_panel-heading{\r\n\tcolor: #ffffff !important;\r\n\tbackground-color: #598ebf !important;\r\n\tborder-color: #598ebf !important;\r\n\tborder-top-left-radius: 0px;\r\n\tborder-top-right-radius: 0px;\r\n}\r\n#wpsm_accordion_811 .wpsm_panel-default {\r\n\t\tborder:1px solid transparent !important;\r\n\t}\r\n#wpsm_accordion_811 {\r\n\tmargin-bottom: 20px;\r\n\toverflow: hidden;\r\n\tfloat: none;\r\n\twidth: 100%;\r\n\tdisplay: block;\r\n}\r\n#wpsm_accordion_811 .ac_title_class{\r\n\tdisplay: block;\r\n\tpadding-top: 12px;\r\n\tpadding-bottom: 12px;\r\n\tpadding-left: 15px;\r\n\tpadding-right: 15px;\r\n}\r\n#wpsm_accordion_811  .wpsm_panel {\r\n\toverflow:hidden;\r\n\t-webkit-box-shadow: 0 0px 0px rgba(0, 0, 0, .05);\r\n\tbox-shadow: 0 0px 0px rgba(0, 0, 0, .05);\r\n\t\tborder-radius: 4px;\r\n\t}\r\n#wpsm_accordion_811  .wpsm_panel + .wpsm_panel {\r\n\t\tmargin-top: 5px;\r\n\t}\r\n#wpsm_accordion_811  .wpsm_panel-body{\r\n\tbackground-color:#ffffff !important;\r\n\tcolor:#000000 !important;\r\n\tborder-top-color: #598ebf !important;\r\n\tfont-size:16px !important;\r\n\tfont-family: Open Sans !important;\r\n\toverflow: hidden;\r\n\t\tborder: 2px solid #598ebf !important;\r\n\t}\r\n\r\n#wpsm_accordion_811 .ac_open_cl_icon{\r\n\tbackground-color:#598ebf !important;\r\n\tcolor: #ffffff !important;\r\n\tfloat:right !important;\r\n\tpadding-top: 12px !important;\r\n\tpadding-bottom: 12px !important;\r\n\tline-height: 1.0 !important;\r\n\tpadding-left: 15px !important;\r\n\tpadding-right: 15px !important;\r\n\tdisplay: inline-block !important;\r\n}\r\n\r\n\t\t\t #wpsm_accordion_811 .wpsm_panel-heading {\r\n\t\t\t\tbackground-image: url(http:\/\/schule.obs-flotwedel.de\/wp-content\/plugins\/responsive-accordion-and-collapse\/img\/style-soft.png);\r\n\t\t\t\tbackground-position: 0 0;\r\n\t\t\t\tbackground-repeat: repeat-x;\r\n\t\t\t}\r\n\t\t\t#wpsm_accordion_811 .ac_open_cl_icon{\r\n\t\t\t\tbackground-image: url(http:\/\/schule.obs-flotwedel.de\/wp-content\/plugins\/responsive-accordion-and-collapse\/img\/style-soft.png);\r\n\t\t\t\tbackground-position: 0 0;\r\n\t\t\t\tbackground-repeat: repeat-x;\r\n\t\t\t}\r\n\t\t\t<\/style>\t\r\n\t\t\t<\/style>\r\n\t\t\t<div class=\"wpsm_panel-group\" id=\"wpsm_accordion_811\" >\r\n\t\t\t\t\t\t\t\t\r\n\t\t\t\t\t<!-- Inner panel Start -->\r\n\t\t\t\t\t<div class=\"wpsm_panel wpsm_panel-default\">\r\n\t\t\t\t\t\t<div class=\"wpsm_panel-heading\" role=\"tab\" >\r\n\t\t\t\t\t\t  <h4 class=\"wpsm_panel-title\">\r\n\t\t\t\t\t\t\t<a  class=\"\"  data-toggle=\"collapse\" data-parent=\"#wpsm_accordion_811 \" href=\"javascript:void(0)\" data-target=\"#ac_811_collapse1\" onclick=\"do_resize()\">\r\n\t\t\t\t\t\t\t\t \r\n\t\t\t\t\t\t\t\t<span class=\"ac_title_class\">\r\n\t\t\t\t\t\t\t\t\t#Kultur (er)leben\t\t\t\t\t\t\t\t<\/span>\r\n\t\t\t\t\t\t\t<\/a>\r\n\t\t\t\t\t\t  <\/h4>\r\n\t\t\t\t\t\t<\/div>\r\n\t\t\t\t\t\t<div id=\"ac_811_collapse1\" class=\"wpsm_panel-collapse collapse \"  >\r\n\t\t\t\t\t\t  <div class=\"wpsm_panel-body\">\r\n\t\t\t\t\t\t\t<strong>Die Oberschule Flotwedel bef\u00e4higt die Sch\u00fclerinnen und Sch\u00fcler zur gemeinsamen Teilnahme an musisch-kulturellen Aktivit\u00e4ten und f\u00f6rdert das Erleben von kultureller Vielfalt.<\/strong>\r\n<h4><em>Umsetzung an der Oberschule Flotwedel:<\/em><\/h4>\r\n<ul>\r\n \t<li>Bl\u00e4serklassen, Big Band<\/li>\r\n \t<li>Zertifizierung durch den Nieders\u00e4chsischen Musikverband (Nimbus)<\/li>\r\n \t<li>Kooperation mit der Kreismusikschule<\/li>\r\n \t<li>Ganzj\u00e4hriges Konzertprogramm durch Bl\u00e4serklassen und Gastorchester<\/li>\r\n \t<li>Theaterbesuche (auch in englischer Sprache), Teilnahme am ENTER-Programm des Schlosstheaters Celle, Musical- und Opernfahrten<\/li>\r\n \t<li>Lesef\u00f6rderung durch Autorenlesungen und regelm\u00e4\u00dfige Besuche der Kreisfahrb\u00fccherei<\/li>\r\n \t<li>Museumsbesuche in Niedersachsen (Landesmuseum, phaeno, \u00dcberseemuseum, Bomann-Museum)<\/li>\r\n \t<li>Kooperation mit der Gedenkst\u00e4tte Bergen-Belsen, mehrt\u00e4giges Projekt in Klasse 9<\/li>\r\n \t<li>Teilnahme an mehrt\u00e4gigen Workshops mit der Organisation Heart Global<\/li>\r\n<\/ul>\t\t\t\t\t\t  <\/div>\r\n\t\t\t\t\t\t<\/div>\r\n\t\t\t\t\t<\/div>\r\n\t\t\t\t\t<!-- Inner panel End -->\r\n\t\t\t\t\t\r\n\t\t\t\t\t\t\t\t\r\n\t\t\t\t\t<!-- Inner panel Start -->\r\n\t\t\t\t\t<div class=\"wpsm_panel wpsm_panel-default\">\r\n\t\t\t\t\t\t<div class=\"wpsm_panel-heading\" role=\"tab\" >\r\n\t\t\t\t\t\t  <h4 class=\"wpsm_panel-title\">\r\n\t\t\t\t\t\t\t<a  class=\"collapsed\"  data-toggle=\"collapse\" data-parent=\"#wpsm_accordion_811 \" href=\"javascript:void(0)\" data-target=\"#ac_811_collapse2\" onclick=\"do_resize()\">\r\n\t\t\t\t\t\t\t\t \r\n\t\t\t\t\t\t\t\t<span class=\"ac_title_class\">\r\n\t\t\t\t\t\t\t\t\t#Heute f\u00fcr morgen\t\t\t\t\t\t\t\t<\/span>\r\n\t\t\t\t\t\t\t<\/a>\r\n\t\t\t\t\t\t  <\/h4>\r\n\t\t\t\t\t\t<\/div>\r\n\t\t\t\t\t\t<div id=\"ac_811_collapse2\" class=\"wpsm_panel-collapse collapse \"  >\r\n\t\t\t\t\t\t  <div class=\"wpsm_panel-body\">\r\n\t\t\t\t\t\t\t<strong>Die Sch\u00fclerinnen und Sch\u00fcler der Oberschule Flotwedel werden auf dem Weg der Berufsfindung unter Einbeziehung der regionalen Schul- und Wirtschaftsstrukturen begleitet und auf die Anforderungen in der beruflichen und digitalisierten Arbeitswelt bestm\u00f6glich vorbereitet.<\/strong>\r\n<h4><em>Umsetzung an der Oberschule Flotwedel:<\/em><\/h4>\r\nBerufsorientierung (Einbindung in viele der klassischen Unterrichtsf\u00e4cher):\r\n<ul>\r\n \t<li>Kompetenzfeststellungsverfahren<\/li>\r\n \t<li>Praxistage in der BBS in Klasse 8<\/li>\r\n \t<li>2 Praktika, jeweils in Klasse 8 und 9 mit anschlie\u00dfender Praktikumsausstellung mit Teilnahme der Betriebe, der Eltern, Vertretern des Schultr\u00e4gers<\/li>\r\n \t<li>Ma\u00dfnahmen mit au\u00dferschulischen Partnern (z.B. Bewerbertrainings, Speeddatings, Betriebserkundungen)<\/li>\r\n \t<li>Kooperation mit der Berufsberatung der Agentur f\u00fcr Arbeit und der Stiftung Niedersachsen Metall<\/li>\r\n \t<li>Teilnahme am IHK-Projekt \u201eAusbildungsbotschafter\u201c<\/li>\r\n \t<li>Sch\u00fclerfirma mit Schulcafeteria und durch Sch\u00fclerinnen und Sch\u00fcler betriebener Schulkiosk<\/li>\r\n<\/ul>\r\nDigitalisierung:\r\n<ul>\r\n \t<li>Mobiles Arbeiten mit IPad-Koffern<\/li>\r\n \t<li>iPad-Klassen ab Jg. 8<\/li>\r\n \t<li>Einbindung digitaler Unterrichtsinhalte in allen F\u00e4chern<\/li>\r\n \t<li>Informationsplattform IServ und WebUntis<\/li>\r\n \t<li>Computerf\u00fchrerschein in Jg. 5<\/li>\r\n \t<li>Informatikunterricht ab Jg. 9<\/li>\r\n \t<li>WPK-Angebote: Medien, Podcast, Robotik (LEGO-Mindstorms)<\/li>\r\n \t<li>Projekte zur Medienpr\u00e4vention (z.B. Max und Min@)<\/li>\r\n \t<li>VR-Brillen f\u00fcr den Einsatz im Unterricht<\/li>\r\n<\/ul>\t\t\t\t\t\t  <\/div>\r\n\t\t\t\t\t\t<\/div>\r\n\t\t\t\t\t<\/div>\r\n\t\t\t\t\t<!-- Inner panel End -->\r\n\t\t\t\t\t\r\n\t\t\t\t\t\t\t\t\r\n\t\t\t\t\t<!-- Inner panel Start -->\r\n\t\t\t\t\t<div class=\"wpsm_panel wpsm_panel-default\">\r\n\t\t\t\t\t\t<div class=\"wpsm_panel-heading\" role=\"tab\" >\r\n\t\t\t\t\t\t  <h4 class=\"wpsm_panel-title\">\r\n\t\t\t\t\t\t\t<a  class=\"collapsed\"  data-toggle=\"collapse\" data-parent=\"#wpsm_accordion_811 \" href=\"javascript:void(0)\" data-target=\"#ac_811_collapse3\" onclick=\"do_resize()\">\r\n\t\t\t\t\t\t\t\t \r\n\t\t\t\t\t\t\t\t<span class=\"ac_title_class\">\r\n\t\t\t\t\t\t\t\t\t#Vielfalt &amp; Individualit\u00e4t\t\t\t\t\t\t\t\t<\/span>\r\n\t\t\t\t\t\t\t<\/a>\r\n\t\t\t\t\t\t  <\/h4>\r\n\t\t\t\t\t\t<\/div>\r\n\t\t\t\t\t\t<div id=\"ac_811_collapse3\" class=\"wpsm_panel-collapse collapse \"  >\r\n\t\t\t\t\t\t  <div class=\"wpsm_panel-body\">\r\n\t\t\t\t\t\t\t<strong>Die kulturelle, soziale und ethnische Vielfalt unserer Sch\u00fclerinnen und Sch\u00fcler verstehen wir als Bereicherung und als Chance f\u00fcr ein tolerantes Schulleben. Die Individualit\u00e4t und unterschiedliche Lernbef\u00e4higung eines jeden Einzelnen werden ber\u00fccksichtigt und damit begleiten wir alle Sch\u00fclerinnen und\u00a0Sch\u00fcler auf ihrem Weg zum bestm\u00f6glichen Schulabschluss.<\/strong>\r\n<h4><em>Umsetzung an der Oberschule Flotwedel:<\/em><\/h4>\r\n<ul>\r\n \t<li>Kurssystem mit Raum f\u00fcr die individuellen F\u00e4higkeiten und Fertigkeiten der Sch\u00fclerinnen und Sch\u00fcler<\/li>\r\n \t<li>Gew\u00e4hrleistung einer optimalen Durchl\u00e4ssigkeit durch das umfangreiche Kurssystem<\/li>\r\n \t<li>WPK- und AG-Angebote nach Interessen der Sch\u00fclerinnen und Sch\u00fcler mit Schwerpunkten im Bereich Umwelt und Nachhaltigkeit<\/li>\r\n \t<li>Sprachfeststellungstests in der Herkunftssprache<\/li>\r\n \t<li>zertifizierte Schule f\u00fcr das deutsche Sprachdiplom<\/li>\r\n \t<li>zertifizierte Schule f\u00fcr das deutsche Sprachdiplom<\/li>\r\n \t<li>Integration der Sprachlerner\/innen in den Regelunterricht<\/li>\r\n \t<li>Sprachf\u00f6rderung in F\u00f6rderkursen gem\u00e4\u00df der Niveaustufen des GER<\/li>\r\n \t<li>Einbindung aller Sch\u00fclerinnen und Sch\u00fcler mit Unterst\u00fctzungsbedarf in alle Prozesse entsprechend ihrer F\u00e4higkeiten<\/li>\r\n \t<li>individuelle F\u00f6rderung in den Hauptf\u00e4chern durch die Lernzeit in den Jahrg\u00e4ngen 5\/6<\/li>\r\n \t<li>individuelle Beratung von Sch\u00fclern und Sch\u00fclerinnen im Rahmen des Eltern-Sch\u00fcler-Sprechtags<\/li>\r\n \t<li>Schule ohne Rassismus - Schule mit Courage<\/li>\r\n<\/ul>\t\t\t\t\t\t  <\/div>\r\n\t\t\t\t\t\t<\/div>\r\n\t\t\t\t\t<\/div>\r\n\t\t\t\t\t<!-- Inner panel End -->\r\n\t\t\t\t\t\r\n\t\t\t\t\t\t\t\t\r\n\t\t\t\t\t<!-- Inner panel Start -->\r\n\t\t\t\t\t<div class=\"wpsm_panel wpsm_panel-default\">\r\n\t\t\t\t\t\t<div class=\"wpsm_panel-heading\" role=\"tab\" >\r\n\t\t\t\t\t\t  <h4 class=\"wpsm_panel-title\">\r\n\t\t\t\t\t\t\t<a  class=\"collapsed\"  data-toggle=\"collapse\" data-parent=\"#wpsm_accordion_811 \" href=\"javascript:void(0)\" data-target=\"#ac_811_collapse4\" onclick=\"do_resize()\">\r\n\t\t\t\t\t\t\t\t \r\n\t\t\t\t\t\t\t\t<span class=\"ac_title_class\">\r\n\t\t\t\t\t\t\t\t\t#Miteinander\t\t\t\t\t\t\t\t<\/span>\r\n\t\t\t\t\t\t\t<\/a>\r\n\t\t\t\t\t\t  <\/h4>\r\n\t\t\t\t\t\t<\/div>\r\n\t\t\t\t\t\t<div id=\"ac_811_collapse4\" class=\"wpsm_panel-collapse collapse \"  >\r\n\t\t\t\t\t\t  <div class=\"wpsm_panel-body\">\r\n\t\t\t\t\t\t\t<strong>Das gemeinsame Lernen in einem Jahrgang f\u00f6rdert die Bildung einer starken Gemeinschaft, die respektvoll und hilfsbereit miteinander umgeht. Dieser Umgang miteinander findet sich jahrgangs\u00fcbergreifend im gesamten<\/strong>\u00a0<strong>Schulleben wieder.<\/strong>\r\n<h4><em>Umsetzung an der Oberschule Flotwedel:<\/em><\/h4>\r\n<ul>\r\n \t<li>gemeinsames Lernen bis Klasse 10, Differenzierung auf zwei Niveaustufen in den F\u00e4chern Deutsch, Englisch, Mathe und Physik<\/li>\r\n \t<li>schulinternes Sozialtraining in den einzelnen Jahrg\u00e4ngen zur St\u00e4rkung der Klassengemeinschaften (z.B. \u201eLion\u2018s Quest\u201c, \u201eWir sind stark\u201c in Kooperation mit der Polizei)<\/li>\r\n \t<li>Kooperation mit der Kreisjugendhilfe der SG Flotwedel (z.B. Flo\u00dfbau, Niedrigseilgarten)<\/li>\r\n \t<li>Pr\u00e4ventionsprojekte mit verschiedenen Institutionen<\/li>\r\n \t<li>Methodentraining in verschiedenen Jahrg\u00e4ngen<\/li>\r\n \t<li>Eltern- \/Sch\u00fclerberatungstage<\/li>\r\n \t<li>Einbindung in die d\u00f6rfliche Umgebung, die Samtgemeinde und die Region<\/li>\r\n \t<li>von Sch\u00fclerinnen und Sch\u00fclern veranstalteter Weihnachtsmarkt, Schulfeste, Mottopartys<\/li>\r\n \t<li>Unterst\u00fctzung sozialer Projekte durch Sponsorenl\u00e4ufe und die Teilnahme an der Weihnachts-Trucker-Aktion<\/li>\r\n \t<li>Gemeinsames Gestalten und Pflegen des Schulgartens, der Igelstation und der Schulimkerei<\/li>\r\n \t<li>altersangemessene Klassen- und Tagesfahrten und jahrgangs\u00fcbergreifende Skifreizeit<\/li>\r\n<\/ul>\t\t\t\t\t\t  <\/div>\r\n\t\t\t\t\t\t<\/div>\r\n\t\t\t\t\t<\/div>\r\n\t\t\t\t\t<!-- Inner panel End -->\r\n\t\t\t\t\t\r\n\t\t\t\t\t\t\t\t\r\n\t\t\t\t\t<!-- Inner panel Start -->\r\n\t\t\t\t\t<div class=\"wpsm_panel wpsm_panel-default\">\r\n\t\t\t\t\t\t<div class=\"wpsm_panel-heading\" role=\"tab\" >\r\n\t\t\t\t\t\t  <h4 class=\"wpsm_panel-title\">\r\n\t\t\t\t\t\t\t<a  class=\"collapsed\"  data-toggle=\"collapse\" data-parent=\"#wpsm_accordion_811 \" href=\"javascript:void(0)\" data-target=\"#ac_811_collapse5\" onclick=\"do_resize()\">\r\n\t\t\t\t\t\t\t\t \r\n\t\t\t\t\t\t\t\t<span class=\"ac_title_class\">\r\n\t\t\t\t\t\t\t\t\t#Verantwortung \u00fcbernehmen\t\t\t\t\t\t\t\t<\/span>\r\n\t\t\t\t\t\t\t<\/a>\r\n\t\t\t\t\t\t  <\/h4>\r\n\t\t\t\t\t\t<\/div>\r\n\t\t\t\t\t\t<div id=\"ac_811_collapse5\" class=\"wpsm_panel-collapse collapse \"  >\r\n\t\t\t\t\t\t  <div class=\"wpsm_panel-body\">\r\n\t\t\t\t\t\t\t<strong>Die stetige \u00dcbernahme von Verantwortung f\u00fcr das eigene Handeln, sowie der verantwortungsvolle Umgang miteinander in verschiedenen Projekten, sind wichtige Erziehungsziele der Oberschule Flotwedel, so dass die Sch\u00fclerinnen und Sch\u00fcler in ihrer pers\u00f6nlichen Entwicklung gest\u00e4rkt werden.<\/strong>\r\n<h4><em>Umsetzung an der Oberschule Flotwedel:<\/em><\/h4>\r\n<ul>\r\n \t<li>hoher Anteil an selbstst\u00e4ndigem Arbeiten in der Schulcafeteria und beim Schulfr\u00fchst\u00fcck<\/li>\r\n \t<li>Betrieb des schuleigenen Kiosks durch Sch\u00fclerinnen und Sch\u00fcler<\/li>\r\n \t<li>Teilnahme an der \u201eJuniorwahl\u201c<\/li>\r\n \t<li>Begleitung j\u00fcngerer Sch\u00fclerinnen und Sch\u00fcler w\u00e4hrend des Schnuppertages<\/li>\r\n \t<li>Umweltprojekttag am Schuljahresende<\/li>\r\n \t<li>\u00dcbernahme des Hofdienstes durch einzelne Klassen im w\u00f6chentlichen Wechsel<\/li>\r\n \t<li>Ausrichtung eines Sponsorenlaufs<\/li>\r\n \t<li>Kooperation mit der Gedenkst\u00e4tte Bergen-Belsen<\/li>\r\n \t<li>Gestaltung von Ausstellungen (z.B. Praktikumsausstellung)<\/li>\r\n \t<li>von Sch\u00fclerinnen und Sch\u00fclern veranstalteter Weihnachtsmarkt, Schulfeste, Mottopartys<\/li>\r\n \t<li>aktiver Schulverein zur Unterst\u00fctzung des Schullebens<\/li>\r\n<\/ul>\t\t\t\t\t\t  <\/div>\r\n\t\t\t\t\t\t<\/div>\r\n\t\t\t\t\t<\/div>\r\n\t\t\t\t\t<!-- Inner panel End -->\r\n\t\t\t\t\t\r\n\t\t\t\t\t\t\t<\/div>\r\n\t\t\t\r\n<script type=\"text\/javascript\">\r\n\t\r\n\t\tfunction do_resize(){\r\n\r\n\t\t\tvar width=jQuery( '.wpsm_panel .wpsm_panel-body iframe' ).width();\r\n\t\t\tvar height=jQuery( '.wpsm_panel .wpsm_panel-body iframe' ).height();\r\n\r\n\t\t\tvar toggleSize = true;\r\n\t\t\tjQuery('iframe').animate({\r\n\t\t\t    width: toggleSize ? width : 640,\r\n\t\t\t    height: toggleSize ? height : 360\r\n\t\t\t  }, 250);\r\n\r\n\t\t\t  toggleSize = !toggleSize;\r\n\t\t}\r\n\t\t\r\n<\/script>\t\n","protected":false},"excerpt":{"rendered":"","protected":false},"author":1,"featured_media":0,"parent":0,"menu_order":0,"comment_status":"closed","ping_status":"closed","template":"","meta":{"footnotes":""},"_links":{"self":[{"href":"http:\/\/schule.obs-flotwedel.de\/index.php?rest_route=\/wp\/v2\/pages\/801"}],"collection":[{"href":"http:\/\/schule.obs-flotwedel.de\/index.php?rest_route=\/wp\/v2\/pages"}],"about":[{"href":"http:\/\/schule.obs-flotwedel.de\/index.php?rest_route=\/wp\/v2\/types\/page"}],"author":[{"embeddable":true,"href":"http:\/\/schule.obs-flotwedel.de\/index.php?rest_route=\/wp\/v2\/users\/1"}],"replies":[{"embeddable":true,"href":"http:\/\/schule.obs-flotwedel.de\/index.php?rest_route=%2Fwp%2Fv2%2Fcomments&post=801"}],"version-history":[{"count":9,"href":"http:\/\/schule.obs-flotwedel.de\/index.php?rest_route=\/wp\/v2\/pages\/801\/revisions"}],"predecessor-version":[{"id":2510,"href":"http:\/\/schule.obs-flotwedel.de\/index.php?rest_route=\/wp\/v2\/pages\/801\/revisions\/2510"}],"wp:attachment":[{"href":"http:\/\/schule.obs-flotwedel.de\/index.php?rest_route=%2Fwp%2Fv2%2Fmedia&parent=801"}],"curies":[{"name":"wp","href":"https:\/\/api.w.org\/{rel}","templated":true}]}}