{"id":844,"date":"2020-12-21T15:09:22","date_gmt":"2020-12-21T15:09:22","guid":{"rendered":"http:\/\/schule.obs-flotwedel.de\/?page_id=844"},"modified":"2020-12-21T15:09:22","modified_gmt":"2020-12-21T15:09:22","slug":"ipad-nutzung","status":"publish","type":"page","link":"http:\/\/schule.obs-flotwedel.de\/?page_id=844","title":{"rendered":"iPad-Nutzung"},"content":{"rendered":"\n<figure class=\"wp-block-table is-style-stripes\"><table><tbody><tr><td><strong>iPad-Nutzung<\/strong><\/td><\/tr><tr><td><strong>Ziel:&nbsp;<\/strong><\/td><td>Medienkompetenz und Nutzung des iPads als Werkzeug<\/td><\/tr><tr><td><strong>Fachbezug:&nbsp;<\/strong><\/td><td>Alle F\u00e4cher<\/td><\/tr><tr><td><strong>Partner:<\/strong><\/td><td>keine<\/td><\/tr><tr><td><strong>Beschreibung:<\/strong><\/td><td>Die Verwendung von Tablets im Unterricht ist kein Selbstzweck. Vielmehr werden Computer im Unterricht als Werkzeuge eingesetzt, die wesentliche Aspekte nachhaltigen Lernens im schulischen Kontext optimieren (Sch\u00fcleraktivierung, Individualisierung\/Differenzierung,&nbsp;Selbst\u00e4ndigkeit, Konstruktion von Wissen, Kooperation). IT-&nbsp;und Medienkompetenz wird neben Lesen, Schreiben und Rechnen als vierte Kulturtechnik bezeichnet. Der Einsatz der Tablets erm\u00f6glicht es, Medien-&nbsp;und andere \u00fcberfachliche Kompetenzen zu vermitteln.Die Sch\u00fcler werden in Kooperation mit ihren Eltern einerseits \u00fcber das Potenzial digitaler und mobiler Medien informiert und lernen es zu nutzen.&nbsp;Andererseits werden sie auch f\u00fcr die Gefahren sensibilisiert. Die Nutzung erfolgt entweder im Klassenverband oder begleitend in den Kursen.<\/td><\/tr><tr><td><strong>Evaluation:&nbsp;<\/strong><\/td><td>Themengebundene Einbindung in den Fachunterricht einzelner Lehrkr\u00e4fte<\/td><\/tr><\/tbody><\/table><\/figure>\n","protected":false},"excerpt":{"rendered":"<p>iPad-Nutzung Ziel:&nbsp; Medienkompetenz und Nutzung des iPads als Werkzeug Fachbezug:&nbsp; Alle F\u00e4cher Partner: keine Beschreibung: Die Verwendung von Tablets im Unterricht ist kein Selbstzweck. Vielmehr &hellip; <\/p>\n","protected":false},"author":1,"featured_media":0,"parent":0,"menu_order":0,"comment_status":"closed","ping_status":"closed","template":"","meta":{"footnotes":""},"_links":{"self":[{"href":"http:\/\/schule.obs-flotwedel.de\/index.php?rest_route=\/wp\/v2\/pages\/844"}],"collection":[{"href":"http:\/\/schule.obs-flotwedel.de\/index.php?rest_route=\/wp\/v2\/pages"}],"about":[{"href":"http:\/\/schule.obs-flotwedel.de\/index.php?rest_route=\/wp\/v2\/types\/page"}],"author":[{"embeddable":true,"href":"http:\/\/schule.obs-flotwedel.de\/index.php?rest_route=\/wp\/v2\/users\/1"}],"replies":[{"embeddable":true,"href":"http:\/\/schule.obs-flotwedel.de\/index.php?rest_route=%2Fwp%2Fv2%2Fcomments&post=844"}],"version-history":[{"count":1,"href":"http:\/\/schule.obs-flotwedel.de\/index.php?rest_route=\/wp\/v2\/pages\/844\/revisions"}],"predecessor-version":[{"id":845,"href":"http:\/\/schule.obs-flotwedel.de\/index.php?rest_route=\/wp\/v2\/pages\/844\/revisions\/845"}],"wp:attachment":[{"href":"http:\/\/schule.obs-flotwedel.de\/index.php?rest_route=%2Fwp%2Fv2%2Fmedia&parent=844"}],"curies":[{"name":"wp","href":"https:\/\/api.w.org\/{rel}","templated":true}]}}