{"id":847,"date":"2020-12-21T15:10:39","date_gmt":"2020-12-21T15:10:39","guid":{"rendered":"http:\/\/schule.obs-flotwedel.de\/?page_id=847"},"modified":"2020-12-21T15:10:39","modified_gmt":"2020-12-21T15:10:39","slug":"betriebserkundung","status":"publish","type":"page","link":"http:\/\/schule.obs-flotwedel.de\/?page_id=847","title":{"rendered":"Betriebserkundung"},"content":{"rendered":"\n<figure class=\"wp-block-table is-style-stripes\"><table><tbody><tr><td><strong>Betriebserkundung<\/strong><\/td><\/tr><tr><td><strong>Ziel:&nbsp;<\/strong><\/td><td>Einblicke in Berufsfelder erhalten<\/td><\/tr><tr><td><strong>Fachbezug:&nbsp;<\/strong><\/td><td>Technik, Hauswirtschaft, Erdkunde, Biologie<\/td><\/tr><tr><td><strong>Partner:<\/strong><\/td><td>Regionale Betriebe<\/td><\/tr><tr><td><strong>Beschreibung:<\/strong><\/td><td>Die Sch\u00fclerInnen erkunden w\u00e4hrend des 8. Jahrgangs Betriebe, wenn dies aus dem Unterrichtsgeschehen erwachsen kann. M\u00f6glich sind z.B. landwirtschaftliche und gewerbliche Betriebe oder auch regionale Handwerksbetriebe.<\/td><\/tr><tr><td><strong>Evaluation:&nbsp;<\/strong><\/td><td>Auswertung der verschiedenen Besuche im Rahmen des jeweiligen Unterrichts<\/td><\/tr><\/tbody><\/table><\/figure>\n","protected":false},"excerpt":{"rendered":"<p>Betriebserkundung Ziel:&nbsp; Einblicke in Berufsfelder erhalten Fachbezug:&nbsp; Technik, Hauswirtschaft, Erdkunde, Biologie Partner: Regionale Betriebe Beschreibung: Die Sch\u00fclerInnen erkunden w\u00e4hrend des 8. Jahrgangs Betriebe, wenn dies &hellip; <\/p>\n","protected":false},"author":1,"featured_media":0,"parent":0,"menu_order":0,"comment_status":"closed","ping_status":"closed","template":"","meta":{"footnotes":""},"_links":{"self":[{"href":"http:\/\/schule.obs-flotwedel.de\/index.php?rest_route=\/wp\/v2\/pages\/847"}],"collection":[{"href":"http:\/\/schule.obs-flotwedel.de\/index.php?rest_route=\/wp\/v2\/pages"}],"about":[{"href":"http:\/\/schule.obs-flotwedel.de\/index.php?rest_route=\/wp\/v2\/types\/page"}],"author":[{"embeddable":true,"href":"http:\/\/schule.obs-flotwedel.de\/index.php?rest_route=\/wp\/v2\/users\/1"}],"replies":[{"embeddable":true,"href":"http:\/\/schule.obs-flotwedel.de\/index.php?rest_route=%2Fwp%2Fv2%2Fcomments&post=847"}],"version-history":[{"count":1,"href":"http:\/\/schule.obs-flotwedel.de\/index.php?rest_route=\/wp\/v2\/pages\/847\/revisions"}],"predecessor-version":[{"id":848,"href":"http:\/\/schule.obs-flotwedel.de\/index.php?rest_route=\/wp\/v2\/pages\/847\/revisions\/848"}],"wp:attachment":[{"href":"http:\/\/schule.obs-flotwedel.de\/index.php?rest_route=%2Fwp%2Fv2%2Fmedia&parent=847"}],"curies":[{"name":"wp","href":"https:\/\/api.w.org\/{rel}","templated":true}]}}