{"id":859,"date":"2020-12-21T15:15:18","date_gmt":"2020-12-21T15:15:18","guid":{"rendered":"http:\/\/schule.obs-flotwedel.de\/?page_id=859"},"modified":"2020-12-21T15:15:18","modified_gmt":"2020-12-21T15:15:18","slug":"praxistage-bbs","status":"publish","type":"page","link":"http:\/\/schule.obs-flotwedel.de\/?page_id=859","title":{"rendered":"Praxistage BBS"},"content":{"rendered":"\n<figure class=\"wp-block-table is-style-stripes\"><table><tbody><tr><td><strong>Praxistage BBS<\/strong><\/td><\/tr><tr><td><strong>Ziel:&nbsp;<\/strong><\/td><td>Arbeitsabl\u00e4ufe und erste Einblicke in die Arbeitswelt erhalten<\/td><\/tr><tr><td><strong>Fachbezug:&nbsp;<\/strong><\/td><td>Textil, Hauswirtschaft, Werken, Technik<\/td><\/tr><tr><td><strong>Partner:<\/strong><\/td><td>BBS II und BBS III in Celle<\/td><\/tr><tr><td><strong>Beschreibung:<\/strong><\/td><td>Die Sch\u00fclerInnen nehmen w\u00e4hrend des 8. Jahrgangs an den Praxistagen der Berufsbildenden Schulen teil. Dabei gehen sie f\u00fcr f\u00fcnf Wochen an einem Tag der Woche an die BBS II (Schwerpunkt Technik, Handwerk) oder an die BBS III (Schwerpunkt Hauswirtschaft, Landwirtschaft) und nehmen dort am praxisnahen Unterricht der Schule teil. Die vorherige Zuordnung erfolgt durch die Klassenlehrer, die versuchen, die jeweiligen Berufsw\u00fcnsche der Sch\u00fclerInnen zu ber\u00fccksichtigen.&nbsp;<\/td><\/tr><tr><td><strong>Evaluation:&nbsp;<\/strong><\/td><td>Schriftliche R\u00fcckmeldung durch die BBS<\/td><\/tr><\/tbody><\/table><\/figure>\n","protected":false},"excerpt":{"rendered":"<p>Praxistage BBS Ziel:&nbsp; Arbeitsabl\u00e4ufe und erste Einblicke in die Arbeitswelt erhalten Fachbezug:&nbsp; Textil, Hauswirtschaft, Werken, Technik Partner: BBS II und BBS III in Celle Beschreibung: &hellip; <\/p>\n","protected":false},"author":1,"featured_media":0,"parent":0,"menu_order":0,"comment_status":"closed","ping_status":"closed","template":"","meta":{"footnotes":""},"_links":{"self":[{"href":"http:\/\/schule.obs-flotwedel.de\/index.php?rest_route=\/wp\/v2\/pages\/859"}],"collection":[{"href":"http:\/\/schule.obs-flotwedel.de\/index.php?rest_route=\/wp\/v2\/pages"}],"about":[{"href":"http:\/\/schule.obs-flotwedel.de\/index.php?rest_route=\/wp\/v2\/types\/page"}],"author":[{"embeddable":true,"href":"http:\/\/schule.obs-flotwedel.de\/index.php?rest_route=\/wp\/v2\/users\/1"}],"replies":[{"embeddable":true,"href":"http:\/\/schule.obs-flotwedel.de\/index.php?rest_route=%2Fwp%2Fv2%2Fcomments&post=859"}],"version-history":[{"count":1,"href":"http:\/\/schule.obs-flotwedel.de\/index.php?rest_route=\/wp\/v2\/pages\/859\/revisions"}],"predecessor-version":[{"id":860,"href":"http:\/\/schule.obs-flotwedel.de\/index.php?rest_route=\/wp\/v2\/pages\/859\/revisions\/860"}],"wp:attachment":[{"href":"http:\/\/schule.obs-flotwedel.de\/index.php?rest_route=%2Fwp%2Fv2%2Fmedia&parent=859"}],"curies":[{"name":"wp","href":"https:\/\/api.w.org\/{rel}","templated":true}]}}