{"id":871,"date":"2020-12-21T15:18:49","date_gmt":"2020-12-21T15:18:49","guid":{"rendered":"http:\/\/schule.obs-flotwedel.de\/?page_id=871"},"modified":"2020-12-21T15:18:49","modified_gmt":"2020-12-21T15:18:49","slug":"betriebspraktikum","status":"publish","type":"page","link":"http:\/\/schule.obs-flotwedel.de\/?page_id=871","title":{"rendered":"Betriebspraktikum"},"content":{"rendered":"\n<figure class=\"wp-block-table is-style-stripes\"><table><tbody><tr><td><strong>Betriebspraktikum<\/strong><\/td><\/tr><tr><td><strong>Ziel:&nbsp;<\/strong><\/td><td>Praxisorientierte Erkundung der Arbeitswelt \u2013 Entscheidung konkretisieren<\/td><\/tr><tr><td><strong>Fachbezug:&nbsp;<\/strong><\/td><td>Wirtschaft<\/td><\/tr><tr><td><strong>Partner:<\/strong><\/td><td>Regionale Betriebe, Arbeitsagentur<\/td><\/tr><tr><td><strong>Beschreibung:<\/strong><\/td><td>Das Betriebspraktikum findet zweiw\u00f6chig statt und beginnt drei Wochen vor den Osterferien. Die Sch\u00fclerInnen w\u00e4hlen ihren Betrieb eigenst\u00e4ndig und werden durch die Wirtschaftslehrer fachlich vorbereitet und w\u00e4hrend des Praktikums begleitet.&nbsp;&nbsp;Die Nachbereitung des Praktikums erfolgt zum einen mit der anzufertigenden Praktikumsmappe und der Darstellung ihrer Praktikumserlebnisse in einer Ausstellung. Anschlie\u00dfend findet auch eine Pr\u00e4sentation f\u00fcr die 7. Jahrg\u00e4nge statt, die einen ersten Eindruck \u00fcber m\u00f6gliche Berufsfelder und Betriebe erhalten.&nbsp;<\/td><\/tr><tr><td><strong>Evaluation:&nbsp;<\/strong><\/td><td>R\u00fcckmeldung durch die Betriebe, Teilevaluation durch die Sch\u00fclerInnen in der Praktikumsmappe.<\/td><\/tr><\/tbody><\/table><\/figure>\n","protected":false},"excerpt":{"rendered":"<p>Betriebspraktikum Ziel:&nbsp; Praxisorientierte Erkundung der Arbeitswelt \u2013 Entscheidung konkretisieren Fachbezug:&nbsp; Wirtschaft Partner: Regionale Betriebe, Arbeitsagentur Beschreibung: Das Betriebspraktikum findet zweiw\u00f6chig statt und beginnt drei Wochen &hellip; <\/p>\n","protected":false},"author":1,"featured_media":0,"parent":0,"menu_order":0,"comment_status":"closed","ping_status":"closed","template":"","meta":{"footnotes":""},"_links":{"self":[{"href":"http:\/\/schule.obs-flotwedel.de\/index.php?rest_route=\/wp\/v2\/pages\/871"}],"collection":[{"href":"http:\/\/schule.obs-flotwedel.de\/index.php?rest_route=\/wp\/v2\/pages"}],"about":[{"href":"http:\/\/schule.obs-flotwedel.de\/index.php?rest_route=\/wp\/v2\/types\/page"}],"author":[{"embeddable":true,"href":"http:\/\/schule.obs-flotwedel.de\/index.php?rest_route=\/wp\/v2\/users\/1"}],"replies":[{"embeddable":true,"href":"http:\/\/schule.obs-flotwedel.de\/index.php?rest_route=%2Fwp%2Fv2%2Fcomments&post=871"}],"version-history":[{"count":1,"href":"http:\/\/schule.obs-flotwedel.de\/index.php?rest_route=\/wp\/v2\/pages\/871\/revisions"}],"predecessor-version":[{"id":872,"href":"http:\/\/schule.obs-flotwedel.de\/index.php?rest_route=\/wp\/v2\/pages\/871\/revisions\/872"}],"wp:attachment":[{"href":"http:\/\/schule.obs-flotwedel.de\/index.php?rest_route=%2Fwp%2Fv2%2Fmedia&parent=871"}],"curies":[{"name":"wp","href":"https:\/\/api.w.org\/{rel}","templated":true}]}}