{"id":877,"date":"2020-12-21T15:20:48","date_gmt":"2020-12-21T15:20:48","guid":{"rendered":"http:\/\/schule.obs-flotwedel.de\/?page_id=877"},"modified":"2020-12-21T15:20:48","modified_gmt":"2020-12-21T15:20:48","slug":"berufsberatung","status":"publish","type":"page","link":"http:\/\/schule.obs-flotwedel.de\/?page_id=877","title":{"rendered":"Berufsberatung"},"content":{"rendered":"\n<figure class=\"wp-block-table is-style-stripes\"><table><tbody><tr><td><strong>Berufsberatung<\/strong><\/td><\/tr><tr><td><strong>Ziel:&nbsp;<\/strong><\/td><td>Berufswahlentscheidung vorbereiten und treffen<\/td><\/tr><tr><td><strong>Fachbezug:&nbsp;<\/strong><\/td><td>Alle F\u00e4cher<\/td><\/tr><tr><td><strong>Partner:<\/strong><\/td><td>Arbeitsagentur<\/td><\/tr><tr><td><strong>Beschreibung:<\/strong><\/td><td>Die Sch\u00fclerInnen nehmen ab der 9. Klasse regelm\u00e4\u00dfig an Beratungsgespr\u00e4chen der Arbeitsagentur teil. Dazu kommt die Berufsberaterin nach M\u00f6glichkeit w\u00f6chentlich in die Oberschule und ber\u00e4t die Sch\u00fclerInnen der 9. und 10. Klassen in jeweils 20-30-min\u00fctigen Gespr\u00e4chen.<\/td><\/tr><tr><td><strong>Evaluation:&nbsp;<\/strong><\/td><td>Auswertung und Planung zwischen FKL Wirtschaft, Klassenlehrern und Berufsberatern<\/td><\/tr><\/tbody><\/table><\/figure>\n","protected":false},"excerpt":{"rendered":"<p>Berufsberatung Ziel:&nbsp; Berufswahlentscheidung vorbereiten und treffen Fachbezug:&nbsp; Alle F\u00e4cher Partner: Arbeitsagentur Beschreibung: Die Sch\u00fclerInnen nehmen ab der 9. Klasse regelm\u00e4\u00dfig an Beratungsgespr\u00e4chen der Arbeitsagentur teil. &hellip; <\/p>\n","protected":false},"author":1,"featured_media":0,"parent":0,"menu_order":0,"comment_status":"closed","ping_status":"closed","template":"","meta":{"footnotes":""},"_links":{"self":[{"href":"http:\/\/schule.obs-flotwedel.de\/index.php?rest_route=\/wp\/v2\/pages\/877"}],"collection":[{"href":"http:\/\/schule.obs-flotwedel.de\/index.php?rest_route=\/wp\/v2\/pages"}],"about":[{"href":"http:\/\/schule.obs-flotwedel.de\/index.php?rest_route=\/wp\/v2\/types\/page"}],"author":[{"embeddable":true,"href":"http:\/\/schule.obs-flotwedel.de\/index.php?rest_route=\/wp\/v2\/users\/1"}],"replies":[{"embeddable":true,"href":"http:\/\/schule.obs-flotwedel.de\/index.php?rest_route=%2Fwp%2Fv2%2Fcomments&post=877"}],"version-history":[{"count":1,"href":"http:\/\/schule.obs-flotwedel.de\/index.php?rest_route=\/wp\/v2\/pages\/877\/revisions"}],"predecessor-version":[{"id":878,"href":"http:\/\/schule.obs-flotwedel.de\/index.php?rest_route=\/wp\/v2\/pages\/877\/revisions\/878"}],"wp:attachment":[{"href":"http:\/\/schule.obs-flotwedel.de\/index.php?rest_route=%2Fwp%2Fv2%2Fmedia&parent=877"}],"curies":[{"name":"wp","href":"https:\/\/api.w.org\/{rel}","templated":true}]}}